{"id":616,"date":"2023-04-16T20:12:43","date_gmt":"2023-04-16T18:12:43","guid":{"rendered":"https:\/\/lesfossoyeursseptik5.wordpress.com\/?page_id=265"},"modified":"2023-04-18T12:44:27","modified_gmt":"2023-04-18T11:44:27","slug":"prochains-concerts","status":"publish","type":"page","link":"https:\/\/lesfossoyeursseptik.toile-libre.org\/?page_id=616","title":{"rendered":"Prochains Concerts"},"content":{"rendered":"\n<p><\/p>\n\n\n\n<div class=\"wp-block-group alignfull\"><div class=\"wp-block-group__inner-container is-layout-constrained wp-block-group-is-layout-constrained\">\n<p>Le 2 Juin \u00e0 Arleux<\/p>\n\n\n\n<figure class=\"wp-block-image alignwide size-large\"><img decoding=\"async\" src=\"http:\/\/lesfossoyeursseptik.toile-libre.org\/wp-content\/uploads\/2023\/04\/339317204_1271832940111473_9017278555115357410_n-1-1.jpg?w=1024\" alt=\"\" class=\"wp-image-267\"\/><\/figure>\n\n\n\n<div class=\"wp-block-columns alignwide is-layout-flex wp-container-core-columns-is-layout-06566bb4 wp-block-columns-is-layout-flex\">\n<div class=\"wp-block-column is-layout-flow wp-block-column-is-layout-flow\" style=\"flex-basis:60%\">\n<p>Ah , ah \u00e0 la queue d&rsquo;Arleux\u2028le 2 juin 2023 \u00e0 18h!<br>Au programme:<br>Makhno ( punk rock ), Astroid (punk rock sans chichi ), Dead rats ( punk&rsquo;n\u00a0\u00bbroll )<\/p>\n\n\n\n<p>Autant te dire que tu va remuer ton popotin .<br>Le paf , sera de 5 euros .<\/p>\n\n\n\n<p>Le bar de m\u00e9m\u00e9 ouvrira ses portes \u00e0 18h , avec Comme d&rsquo;habitude sa bonne bi\u00e8re ,ses shooters a prix sympatoche sans oublier sa bonne soupe des marais.\u2028Bien s\u00fbr si tu conduit il y aura de quoi te d\u00e9salt\u00e9rer aussi. Un barbecue et du charbon , sera mis \u00e0 ta dispo , donc si t&rsquo;as la dalle ram\u00e8ne ta graille.<br>Tellement h\u00e2te de festoyer avec vous .<br>LES POUiLLEUX D&rsquo;ARLEUX<\/p>\n\n\n\n<p>Dont forget:<br>Tol\u00e9rance aux chiens : Z\u00e9ro, comme d&rsquo;habitude on en as d\u00e9j\u00e0 mal pas ici<br>Pr\u00e9vois ton sac de couchage , n&rsquo;h\u00e9site pas \u00e0 dormir sur place ton permis te dira merci .<br>\u00c9videmment , c&rsquo;est toujours un \u00e9v\u00e8nement pirate a but non lucratif .Pour pouvoir le renouveler , on compte sur toi pour jouer le jeu .(N&rsquo;oublie pas de payer ton paf ,et de consommer au bar )<br>Pour le reste , tu as quartier libre .<br>PS: Afin de mieux nous organiser , merci de prendre le soin de r\u00e9pondre de ta pr\u00e9sence ou non sur l&rsquo;\u00e9v\u00e9nement<br><br><\/p>\n<\/div>\n<\/div>\n<\/div><\/div>\n","protected":false},"excerpt":{"rendered":"<p>Le 2 Juin \u00e0 Arleux Ah , ah \u00e0 la queue d&rsquo;Arleux\u2028le 2 juin 2023 \u00e0 18h!Au programme:Makhno ( punk rock ), Astroid (punk rock sans chichi ), Dead rats ( punk&rsquo;n\u00a0\u00bbroll ) Autant te dire que tu va remuer ton popotin .Le paf , sera de 5 euros . Le bar de m\u00e9m\u00e9 ouvrira &hellip; <\/p>\n<p class=\"link-more\"><a href=\"https:\/\/lesfossoyeursseptik.toile-libre.org\/?page_id=616\" class=\"more-link\">Continuer la lecture<span class=\"screen-reader-text\"> de &laquo;&nbsp;Prochains Concerts&nbsp;&raquo;<\/span><\/a><\/p>\n","protected":false},"author":1,"featured_media":0,"parent":0,"menu_order":0,"comment_status":"closed","ping_status":"closed","template":"","meta":{"footnotes":""},"class_list":["post-616","page","type-page","status-publish","hentry"],"_links":{"self":[{"href":"https:\/\/lesfossoyeursseptik.toile-libre.org\/index.php?rest_route=\/wp\/v2\/pages\/616","targetHints":{"allow":["GET"]}}],"collection":[{"href":"https:\/\/lesfossoyeursseptik.toile-libre.org\/index.php?rest_route=\/wp\/v2\/pages"}],"about":[{"href":"https:\/\/lesfossoyeursseptik.toile-libre.org\/index.php?rest_route=\/wp\/v2\/types\/page"}],"author":[{"embeddable":true,"href":"https:\/\/lesfossoyeursseptik.toile-libre.org\/index.php?rest_route=\/wp\/v2\/users\/1"}],"replies":[{"embeddable":true,"href":"https:\/\/lesfossoyeursseptik.toile-libre.org\/index.php?rest_route=%2Fwp%2Fv2%2Fcomments&post=616"}],"version-history":[{"count":1,"href":"https:\/\/lesfossoyeursseptik.toile-libre.org\/index.php?rest_route=\/wp\/v2\/pages\/616\/revisions"}],"predecessor-version":[{"id":1020,"href":"https:\/\/lesfossoyeursseptik.toile-libre.org\/index.php?rest_route=\/wp\/v2\/pages\/616\/revisions\/1020"}],"wp:attachment":[{"href":"https:\/\/lesfossoyeursseptik.toile-libre.org\/index.php?rest_route=%2Fwp%2Fv2%2Fmedia&parent=616"}],"curies":[{"name":"wp","href":"https:\/\/api.w.org\/{rel}","templated":true}]}}