{"id":595,"date":"2023-03-30T11:49:14","date_gmt":"2023-03-30T09:49:14","guid":{"rendered":"https:\/\/lesfossoyeursseptik5.wordpress.com\/?page_id=212"},"modified":"2023-03-30T11:49:14","modified_gmt":"2023-03-30T09:49:14","slug":"biographie","status":"publish","type":"page","link":"https:\/\/lesfossoyeursseptik.toile-libre.org\/?page_id=595","title":{"rendered":"Biographie"},"content":{"rendered":"\n<p>Apr\u00e8s des ann\u00e9es \u00e0 s\u2019exploser les tympans avec leurs groupes respectifs sur les sc\u00e8nes punks de France et de Navarre, les fossoyeurs ont d\u00e9cid\u00e9 de couper la distorsion de leurs guitares, juste pour voir. En r\u00e9sulte un punk-folk \u00e9nerv\u00e9, revendicatif et engag\u00e9 aux textes ac\u00e9r\u00e9s et aux m\u00e9lodies efficaces. En bref\u00a0 : un coup de pelle dans la gueule qui r\u00e9veille bien comme il faut<\/p>\n\n\n\n<figure class=\"wp-block-image size-large\"><img decoding=\"async\" src=\"http:\/\/lesfossoyeursseptik.toile-libre.org\/wp-content\/uploads\/2023\/03\/pres-les-fossoyeurs.jpg?w=1024\" alt=\"\" class=\"wp-image-215\" \/><\/figure>\n","protected":false},"excerpt":{"rendered":"<p>Apr\u00e8s des ann\u00e9es \u00e0 s\u2019exploser les tympans avec leurs groupes respectifs sur les sc\u00e8nes punks de France et de Navarre, les fossoyeurs ont d\u00e9cid\u00e9 de couper la distorsion de leurs guitares, juste pour voir. En r\u00e9sulte un punk-folk \u00e9nerv\u00e9, revendicatif et engag\u00e9 aux textes ac\u00e9r\u00e9s et aux m\u00e9lodies efficaces. En bref\u00a0 : un coup de &hellip; <\/p>\n<p class=\"link-more\"><a href=\"https:\/\/lesfossoyeursseptik.toile-libre.org\/?page_id=595\" class=\"more-link\">Continuer la lecture<span class=\"screen-reader-text\"> de &laquo;&nbsp;Biographie&nbsp;&raquo;<\/span><\/a><\/p>\n","protected":false},"author":1,"featured_media":0,"parent":0,"menu_order":0,"comment_status":"closed","ping_status":"closed","template":"","meta":{"footnotes":""},"class_list":["post-595","page","type-page","status-publish","hentry"],"_links":{"self":[{"href":"https:\/\/lesfossoyeursseptik.toile-libre.org\/index.php?rest_route=\/wp\/v2\/pages\/595","targetHints":{"allow":["GET"]}}],"collection":[{"href":"https:\/\/lesfossoyeursseptik.toile-libre.org\/index.php?rest_route=\/wp\/v2\/pages"}],"about":[{"href":"https:\/\/lesfossoyeursseptik.toile-libre.org\/index.php?rest_route=\/wp\/v2\/types\/page"}],"author":[{"embeddable":true,"href":"https:\/\/lesfossoyeursseptik.toile-libre.org\/index.php?rest_route=\/wp\/v2\/users\/1"}],"replies":[{"embeddable":true,"href":"https:\/\/lesfossoyeursseptik.toile-libre.org\/index.php?rest_route=%2Fwp%2Fv2%2Fcomments&post=595"}],"version-history":[{"count":0,"href":"https:\/\/lesfossoyeursseptik.toile-libre.org\/index.php?rest_route=\/wp\/v2\/pages\/595\/revisions"}],"wp:attachment":[{"href":"https:\/\/lesfossoyeursseptik.toile-libre.org\/index.php?rest_route=%2Fwp%2Fv2%2Fmedia&parent=595"}],"curies":[{"name":"wp","href":"https:\/\/api.w.org\/{rel}","templated":true}]}}