{"id":102,"date":"2015-03-18T18:58:34","date_gmt":"2015-03-18T17:58:34","guid":{"rendered":"http:\/\/lesfossoyeursseptik.toile-libre.org\/?page_id=102"},"modified":"2016-01-26T17:21:18","modified_gmt":"2016-01-26T16:21:18","slug":"concerts-passes","status":"publish","type":"page","link":"https:\/\/lesfossoyeursseptik.toile-libre.org\/?page_id=102","title":{"rendered":"Concerts pass\u00e9s"},"content":{"rendered":"<p>2011<br \/>\n&#8211; Le 05 F\u00e9vrier 2011 au Rockstore caf\u00e9 \u00e0 Carvin avec la soci\u00e9t\u00e9 elle a mauvaise haleine<br \/>\n&#8211; Le 21 Juillet 2011 au Rockstore caf\u00e9 \u00e0 Carvin avec Tuna<\/p>\n<p>2012<\/p>\n<p>&#8211; Le 28 Janvier 2012 \u00e0 Lille au Centre culturel libertaire avec Link et la soci\u00e9t\u00e9 elle a mauvaise haleine<br \/>\n&#8211; Le 18 Fevrier 2012 \u00e0 Gennevilliers au Spa avec Varlin, La soci\u00e9t\u00e9 elle a mauvaise haleine, Absinthe et tizeur, Judge AK47 et Petocask<br \/>\n&#8211; Le 27 Avril 2012 \u00e0 Bruxelles au 127bis avec La soci\u00e9t\u00e9 elle a mauvaise haleine, Au goulag, Microglycerime, Les enfants du kartier<br \/>\n&#8211; Le 21 Juin 2012 \u00e0 Lille au CCL avec 1981<br \/>\n&#8211; Le 23 Juin 2012 \u00e0 Rouen au p&rsquo;tit bar avec C.S.A<br \/>\n&#8211; Le 08 Septembre 2012 \u00e0 St Hilaire de Briouze au Punk shadow avec kids of the joly roger, saints and sinners, WD40, Pandaz et Jabul gorba<br \/>\n&#8211; Le 06 Octobre 2012 \u00e0 Li\u00e8ge \u00e0 la zoneavec Mambassa Blouz Band, Fadatic et Microglycerime<br \/>\n&#8211; Le 15 D\u00e9cembre 2012 \u00e0 Carvin au belle-vue avec Kurt mon pote<br \/>\n&#8211; Le 20 Janvier 2013 \u00e0 Paris au CICP avec la soci\u00e9t\u00e9 elle a mauvaise haleine<\/p>\n<p>2013<\/p>\n<p>&#8211; Le 01 F\u00e9vrier 2013 \u00e0 Geneve (ch) \u00e0 la zona mutante avec Psycho squat et la soci\u00e9t\u00e9 elle a mauvaise haleine<br \/>\n&#8211; Le 02 F\u00e9vrier 2013 \u00e0 Winterthur au GGS31 avec la soci\u00e9t\u00e9 elle a mauvaise haleine et pleins d&rsquo;autres groupes<br \/>\n&#8211; Le 01 Mars 2013 \u00e0 Bruxelles au Garcia Lorca avec La soci\u00e9t\u00e9 elle a mauvaise haleine, Microglycerime, TBS-SB, Dans ta gueule! et Prince ringeard<br \/>\n&#8211; Le 02 Mars 2013 Le Quesnoy au Cactus bar avec Working class et Quartier libre<br \/>\n&#8211; Le 15 Mars 2013 \u00e0 Briouze au Brazza<br \/>\n&#8211; Le 16 Mars 2013 \u00e0 Brasparts au cabaret fant\u00f4me avec Daniel Duroy et &#8230;.<br \/>\n&#8211; Le 21 Mars 2013 \u00e0 Lille au CCL avec King&rsquo;s queer et De fatwa&rsquo;s<br \/>\n&#8211; Le 29 Mars 2013 \u00e0 Chaumont avec la soci\u00e9t\u00e9 elle a mauvaise haleine, Tentative 2 suicide, Chicken fuckers, Bordel m\u00e9lodik<br \/>\n&#8211; Le 30 Mars 2013 \u00e0 Reims \u00e0 l&rsquo;\u00e9cluse avec la soci\u00e9t\u00e9 elle a mauvaise haleine, la casa fantom,&#8230;<br \/>\n&#8211; Le 18 Mai 2013 \u00e0 Li\u00e8ge (be) au Centre Social Occup\u00e9 et Autonome \u00ab\u00a0Le Passe Partout\u00a0\u00bb avec&#8230;..<br \/>\n&#8211; Le 15 Septembre 2013 \u00e0 St Hilaire de Briouze pour le Punks shadow<br \/>\n&#8211; Le 27 Septembre 2013 \u00e0 Lausanne (ch) au Squat la loc(a)motive avec Traktor et Water press release<br \/>\n&#8211; Le 28 Septembre 2013 \u00e0 St Imier (ch) \u00e0 l&rsquo;espace noir avec Raoul W de Bonneville et Nevborn<br \/>\n&#8211; Le 19 Octobre 2013 \u00e0 Sains en gohelle (62) \u00e0 la salle Margueriteavec Psycho squatt<br \/>\n&#8211; Le 14 D\u00e9cembre 2013 \u00e0 Le Quesnoy au Cactus bar avec Cop on fire<br \/>\n&#8211; Le 20 D\u00e9cembre 2013 \u00e0 Lille Au Monk&rsquo;s avec The Rijsel irish boy&rsquo;z<\/p>\n<p>2014<\/p>\n<p>&#8211; Le 11 Janvier 2014 \u00e0 St Omer Au Gibolain<br \/>\n&#8211; Le 04 Fevrier 2014 \u00e0 Aachen (de) \u00e0 l&rsquo;Autonomen Zentrums avec Tagada jones<br \/>\n&#8211; Le 24 Fevrier 2014 \u00e0 Lille \u00e0 la mis\u00e8re avec Zeppo, RaoulW et Positive Impact<br \/>\n&#8211; Le 28 Fevrier 2014 \u00e0 Montreuil sur mer au Shaker bar<br \/>\n&#8211; Le 06 Mars 2014 \u00e0 Roubaix au Rest Ankama avec split detonator<br \/>\n&#8211; Le 04 Avril 2014 \u00e0 Leuven (b) avec Cop on fire, Luvdump<br \/>\n&#8211; Le 05 Avril 2014 \u00e0 Loos en Gohelle (62) \u00e0 l&rsquo;Artiste bar<br \/>\n&#8211; Le 12 Avril 2014 \u00e0 Amiens au St Honor\u00e9 avec Naus\u00e9a bomb<br \/>\n&#8211; Le 20 Avril 2014 \u00e0 Carvin avec Black Juju<br \/>\n&#8211; Le 01 Mai 2014 \u00e0 Arras au festival du son du porte voix \u00e0 Arras avec la soci\u00e9t\u00e9.., Louis Lingg and the Bombs et The offenders<br \/>\n&#8211; Le 24 Mai 2014 \u00e0 H\u00e9nin Beaumont Au Vegas caf\u00e9<br \/>\n&#8211; Le 21 Juin 2014 \u00e0 Lille au CCL en soutien \u00e0 Noborder Calais avec La soci\u00e9t\u00e9 elle a mauvaise haleine, Makach,,,<br \/>\n&#8211; Le 28 Juin 2014 \u00e0 L&rsquo;Home Chamondot au festival \u00ab r\u00e9veillez les kr\u00eates \u00bb avec Les com\u00e9dons, Tentative 2 suicides, Mauvaise graine et Les cl\u00e9s \u00e0 pipe.<br \/>\n&#8211; Le 23 Aout 2014 \u00e0 Liege au garage avec La soci\u00e9t\u00e9 elle a mauvaise haleine, Mabassa Bb et la regle du 3<br \/>\n&#8211; Le 21 Septembre 2014 \u00e0 Noeux les mines \u00e0 la MJC avec Bonheurs inutiles, Pat kebra et Prince ringeard<br \/>\n&#8211; Le 11 Octobre 2014 \u00e0 Zonhoven (be) avec Blok 1A, Koncept, Asbest, Prophecy of Crows, Tijuana Debra, The insumers<br \/>\n&#8211; Le 17 Octobre 2014 \u00e0 St Imier (ch) \u00e0 l&rsquo;espace noir pour le Festival keponteam avec Binam\u00e9, Breakout, Les Koncasseurs, Faute de frappe et bidou<\/p>\n<p>2015<br \/>\n&#8211; Le 28 Mars 2015 \u00e0 la Mjc de Rouen pour le festival Keponteam avec Shoot the dogs, Varlin, Chux bollox et Attentat Sonore<br \/>\n&#8211; Le 04 Avril 2015 au D\u00e9viance fest 06 \u00e0 Rambervillers avec The vile, Bakounine, Ostavka et Makach<br \/>\n&#8211; Le 25 Avril 2015 au Saxo \u00e0 Carvin<br \/>\n&#8211; Le 16 Mai 2015 au squat Cop\u00e9 \u00e0 Lausanne (ch) avec Zeppo, 20 minutes de chaos, Artiste Inconnu..<br \/>\n&#8211; Le 29 Mai 2015 au Cactus Bar \u00e0 Le Quesnoy avec AOS3 et Troubles<br \/>\n&#8211; Le 04 Juillet 2015 au f\u00eates de la libert\u00e9 \u00e0 St Quentin<br \/>\n&#8211; Le 03 Octobre 2012 au 3 pieces \u00e0 Rouen avec Human dog food, La keponteam elle a mauvaise haleine<br \/>\n&#8211; Le 31 Octobre 2015 \u00e0 la zone \u00e0 Liege (be) avec Les vaches laitieres, ordure ionique, Prince ringeard, La soci\u00e9t\u00e9 elle a mauvaise haleine, Radio 911, Dalas<br \/>\n&#8211; Le 11 Decembre 2015 au Death&rsquo;skalade fest \u00e0 Geneve (ch) avec RaoulW, Rocking class, Alcosynthic<br \/>\n&#8211; Le 19 D\u00e9cembre 2015 au Saxo \u00e0 Carvin<\/p>\n","protected":false},"excerpt":{"rendered":"<p>2011 &#8211; Le 05 F\u00e9vrier 2011 au Rockstore caf\u00e9 \u00e0 Carvin avec la soci\u00e9t\u00e9 elle a mauvaise haleine &#8211; Le 21 Juillet 2011 au Rockstore caf\u00e9 \u00e0 Carvin avec Tuna 2012 &#8211; Le 28 Janvier 2012 \u00e0 Lille au Centre culturel libertaire avec Link et la soci\u00e9t\u00e9 elle a mauvaise haleine &#8211; Le 18 Fevrier &hellip; <\/p>\n<p class=\"link-more\"><a href=\"https:\/\/lesfossoyeursseptik.toile-libre.org\/?page_id=102\" class=\"more-link\">Continuer la lecture<span class=\"screen-reader-text\"> de &laquo;&nbsp;Concerts pass\u00e9s&nbsp;&raquo;<\/span><\/a><\/p>\n","protected":false},"author":1,"featured_media":0,"parent":0,"menu_order":3,"comment_status":"open","ping_status":"closed","template":"","meta":{"footnotes":""},"class_list":["post-102","page","type-page","status-publish","hentry"],"_links":{"self":[{"href":"https:\/\/lesfossoyeursseptik.toile-libre.org\/index.php?rest_route=\/wp\/v2\/pages\/102","targetHints":{"allow":["GET"]}}],"collection":[{"href":"https:\/\/lesfossoyeursseptik.toile-libre.org\/index.php?rest_route=\/wp\/v2\/pages"}],"about":[{"href":"https:\/\/lesfossoyeursseptik.toile-libre.org\/index.php?rest_route=\/wp\/v2\/types\/page"}],"author":[{"embeddable":true,"href":"https:\/\/lesfossoyeursseptik.toile-libre.org\/index.php?rest_route=\/wp\/v2\/users\/1"}],"replies":[{"embeddable":true,"href":"https:\/\/lesfossoyeursseptik.toile-libre.org\/index.php?rest_route=%2Fwp%2Fv2%2Fcomments&post=102"}],"version-history":[{"count":12,"href":"https:\/\/lesfossoyeursseptik.toile-libre.org\/index.php?rest_route=\/wp\/v2\/pages\/102\/revisions"}],"predecessor-version":[{"id":234,"href":"https:\/\/lesfossoyeursseptik.toile-libre.org\/index.php?rest_route=\/wp\/v2\/pages\/102\/revisions\/234"}],"wp:attachment":[{"href":"https:\/\/lesfossoyeursseptik.toile-libre.org\/index.php?rest_route=%2Fwp%2Fv2%2Fmedia&parent=102"}],"curies":[{"name":"wp","href":"https:\/\/api.w.org\/{rel}","templated":true}]}}